{"id":40,"date":"2025-05-04T20:52:39","date_gmt":"2025-05-04T18:52:39","guid":{"rendered":"https:\/\/3f.ddns.net\/home\/?page_id=40"},"modified":"2025-06-15T22:48:06","modified_gmt":"2025-06-15T20:48:06","slug":"familie-feuerstein-fellbach","status":"publish","type":"page","link":"https:\/\/3f.ddns.net\/home\/","title":{"rendered":"Familie Feuerstein Fellbach"},"content":{"rendered":"\t\t<div data-elementor-type=\"wp-page\" data-elementor-id=\"40\" class=\"elementor elementor-40\">\n\t\t\t\t<div class=\"elementor-element elementor-element-2371ca8 e-flex e-con-boxed e-con e-parent\" data-id=\"2371ca8\" data-element_type=\"container\" data-e-type=\"container\">\n\t\t\t\t\t<div class=\"e-con-inner\">\n\t\t<div class=\"elementor-element elementor-element-9f3ce23 e-con-full e-flex e-con e-child\" data-id=\"9f3ce23\" data-element_type=\"container\" data-e-type=\"container\">\n\t\t<div class=\"elementor-element elementor-element-0eb6ccc e-con-full e-flex e-con e-child\" data-id=\"0eb6ccc\" data-element_type=\"container\" data-e-type=\"container\">\n\t\t\t\t<div class=\"elementor-element elementor-element-5fbd659 elementor-widget elementor-widget-text-editor\" data-id=\"5fbd659\" data-element_type=\"widget\" data-e-type=\"widget\" data-widget_type=\"text-editor.default\">\n\t\t\t\t<div class=\"elementor-widget-container\">\n\t\t\t\t\t\t\t\t\t<h1 id=\"we-re-a-studio-in-berlin-with-an-international-practice-in-architecture-urban-planning-and-interior-design-we-believe-in-sharing-knowledge-and-promoting-dialogue-to-increase-the-creative-potential-of-collaboration\" class=\"wp-block-heading alignwide has-text-align-center\" style=\"text-align: center;\"><strong>Willkommen <\/strong><\/h1><p><!-- \/wp:heading --><!-- wp:paragraph {\"align\":\"center\",\"className\":\"is-style-default\",\"style\":{\"typography\":{\"lineHeight\":\"1.3\",\"fontSize\":\"30px\",\"fontStyle\":\"normal\",\"fontWeight\":\"400\"},\"color\":{\"text\":\"#636363\"},\"border\":{\"width\":\"0px\",\"style\":\"none\"},\"spacing\":{\"margin\":{\"right\":\"var:preset|spacing|80\",\"left\":\"var:preset|spacing|80\"}}},\"fontFamily\":\"manrope\"} --><\/p><p class=\"has-text-align-center is-style-default has-text-color has-manrope-font-family\" style=\"text-align: center;\">Hier wird nicht mit Steinkeulen gegr\u00fc\u00dft, sondern mit offenen Armen! Wir sind zwei abenteuerlustige Feuersteins aus Fellbach, immer unterwegs \u2013 mal auf dem Motorrad, mal auf dem Fahrrad, mal zu Fu\u00df (weil der Sprit teuer ist). Wenn wir nicht gerade die Welt erkunden, dann futtern wir uns durch kulinarische Highlights oder werkeln kreativ an Nadel und Faden.<\/p><p><!-- \/wp:paragraph --><!-- wp:paragraph {\"align\":\"center\",\"className\":\"is-style-default\",\"style\":{\"typography\":{\"lineHeight\":\"1.3\",\"fontSize\":\"30px\"},\"color\":{\"text\":\"#636363\"},\"spacing\":{\"margin\":{\"top\":\"0\",\"bottom\":\"0\",\"left\":\"0\",\"right\":\"0\"},\"padding\":{\"top\":\"0\",\"bottom\":\"0\",\"left\":\"var:preset|spacing|80\",\"right\":\"var:preset|spacing|80\"}}}} --><\/p><p class=\"has-text-align-center is-style-default has-text-color\" style=\"text-align: center;\">Also, schnallt euch an (oder besser: tretet in die Pedale) und begleitet uns auf unseren kleinen und gro\u00dfen Abenteuern!<\/p>\t\t\t\t\t\t\t\t<\/div>\n\t\t\t\t<\/div>\n\t\t<div class=\"elementor-element elementor-element-a05c05f e-grid e-con-full e-con e-child\" data-id=\"a05c05f\" data-element_type=\"container\" data-e-type=\"container\">\n\t\t<div class=\"elementor-element elementor-element-52b0500 e-grid e-con-full e-con e-child\" data-id=\"52b0500\" data-element_type=\"container\" data-e-type=\"container\">\n\t\t\t\t<div class=\"elementor-element elementor-element-007513d elementor-widget elementor-widget-image\" data-id=\"007513d\" data-element_type=\"widget\" data-e-type=\"widget\" data-widget_type=\"image.default\">\n\t\t\t\t<div class=\"elementor-widget-container\">\n\t\t\t\t\t\t\t\t\t\t\t\t\t\t\t<img fetchpriority=\"high\" decoding=\"async\" width=\"1024\" height=\"1024\" src=\"https:\/\/3f.ddns.net\/home\/wp-content\/uploads\/2025\/05\/Bild-1.webp\" class=\"attachment-large size-large wp-image-47\" alt=\"\" srcset=\"https:\/\/3f.ddns.net\/home\/wp-content\/uploads\/2025\/05\/Bild-1.webp 1024w, https:\/\/3f.ddns.net\/home\/wp-content\/uploads\/2025\/05\/Bild-1-300x300.webp 300w, https:\/\/3f.ddns.net\/home\/wp-content\/uploads\/2025\/05\/Bild-1-150x150.webp 150w, https:\/\/3f.ddns.net\/home\/wp-content\/uploads\/2025\/05\/Bild-1-768x768.webp 768w\" sizes=\"(max-width: 1024px) 100vw, 1024px\" \/>\t\t\t\t\t\t\t\t\t\t\t\t\t\t\t<\/div>\n\t\t\t\t<\/div>\n\t\t\t\t<div class=\"elementor-element elementor-element-623246f elementor-widget elementor-widget-text-editor\" data-id=\"623246f\" data-element_type=\"widget\" data-e-type=\"widget\" data-widget_type=\"text-editor.default\">\n\t\t\t\t<div class=\"elementor-widget-container\">\n\t\t\t\t\t\t\t\t\t<p style=\"text-align: center;\">Yabba Dabba Doo \u2013 Willkommen bei den Feuersteins!<\/p>\t\t\t\t\t\t\t\t<\/div>\n\t\t\t\t<\/div>\n\t\t\t\t<\/div>\n\t\t<div class=\"elementor-element elementor-element-d2f1322 e-grid e-con-full e-con e-child\" data-id=\"d2f1322\" data-element_type=\"container\" data-e-type=\"container\">\n\t\t\t\t<div class=\"elementor-element elementor-element-1fca362 elementor-widget elementor-widget-image\" data-id=\"1fca362\" data-element_type=\"widget\" data-e-type=\"widget\" data-widget_type=\"image.default\">\n\t\t\t\t<div class=\"elementor-widget-container\">\n\t\t\t\t\t\t\t\t\t\t\t\t\t\t\t<img decoding=\"async\" width=\"453\" height=\"450\" src=\"https:\/\/3f.ddns.net\/home\/wp-content\/uploads\/2025\/05\/FFF-Wandern-und-Naehen-e1746387079971.png\" class=\"attachment-large size-large wp-image-31\" alt=\"\" srcset=\"https:\/\/3f.ddns.net\/home\/wp-content\/uploads\/2025\/05\/FFF-Wandern-und-Naehen-e1746387079971.png 453w, https:\/\/3f.ddns.net\/home\/wp-content\/uploads\/2025\/05\/FFF-Wandern-und-Naehen-e1746387079971-300x298.png 300w, https:\/\/3f.ddns.net\/home\/wp-content\/uploads\/2025\/05\/FFF-Wandern-und-Naehen-e1746387079971-150x150.png 150w\" sizes=\"(max-width: 453px) 100vw, 453px\" \/>\t\t\t\t\t\t\t\t\t\t\t\t\t\t\t<\/div>\n\t\t\t\t<\/div>\n\t\t\t\t<div class=\"elementor-element elementor-element-3858543 elementor-widget elementor-widget-text-editor\" data-id=\"3858543\" data-element_type=\"widget\" data-e-type=\"widget\" data-widget_type=\"text-editor.default\">\n\t\t\t\t<div class=\"elementor-widget-container\">\n\t\t\t\t\t\t\t\t\t<p style=\"text-align: center;\">Vom Wanderschuh bis zur N\u00e4hnadel \u2013 Das sind wir!<\/p>\t\t\t\t\t\t\t\t<\/div>\n\t\t\t\t<\/div>\n\t\t\t\t<\/div>\n\t\t<div class=\"elementor-element elementor-element-633158d e-grid e-con-full e-con e-child\" data-id=\"633158d\" data-element_type=\"container\" data-e-type=\"container\">\n\t\t\t\t<div class=\"elementor-element elementor-element-a84c89c elementor-widget elementor-widget-image\" data-id=\"a84c89c\" data-element_type=\"widget\" data-e-type=\"widget\" data-widget_type=\"image.default\">\n\t\t\t\t<div class=\"elementor-widget-container\">\n\t\t\t\t\t\t\t\t\t\t\t\t\t\t\t<img decoding=\"async\" width=\"461\" height=\"454\" src=\"https:\/\/3f.ddns.net\/home\/wp-content\/uploads\/2025\/05\/FFF-2Raeder-und-Abenteuer-e1746387167126.png\" class=\"attachment-large size-large wp-image-26\" alt=\"\" srcset=\"https:\/\/3f.ddns.net\/home\/wp-content\/uploads\/2025\/05\/FFF-2Raeder-und-Abenteuer-e1746387167126.png 461w, https:\/\/3f.ddns.net\/home\/wp-content\/uploads\/2025\/05\/FFF-2Raeder-und-Abenteuer-e1746387167126-300x295.png 300w\" sizes=\"(max-width: 461px) 100vw, 461px\" \/>\t\t\t\t\t\t\t\t\t\t\t\t\t\t\t<\/div>\n\t\t\t\t<\/div>\n\t\t\t\t<div class=\"elementor-element elementor-element-a6d69c5 elementor-widget elementor-widget-text-editor\" data-id=\"a6d69c5\" data-element_type=\"widget\" data-e-type=\"widget\" data-widget_type=\"text-editor.default\">\n\t\t\t\t<div class=\"elementor-widget-container\">\n\t\t\t\t\t\t\t\t\t<p style=\"text-align: center;\"><a href=\"https:\/\/3f.ddns.net\/home\/index.php\/motorradausfahrt-september-2025\/\">Zwei R\u00e4der, ein Herz und jede Menge Abenteuer<\/a><\/p>\t\t\t\t\t\t\t\t<\/div>\n\t\t\t\t<\/div>\n\t\t\t\t<\/div>\n\t\t\t\t<\/div>\n\t\t\t\t<\/div>\n\t\t\t\t<\/div>\n\t\t<div class=\"elementor-element elementor-element-51cf70a e-con-full e-flex e-con e-child\" data-id=\"51cf70a\" data-element_type=\"container\" data-e-type=\"container\">\n\t\t<div class=\"elementor-element elementor-element-4e58a07 e-grid e-con-full e-con e-child\" data-id=\"4e58a07\" data-element_type=\"container\" data-e-type=\"container\">\n\t\t\t\t<div class=\"elementor-element elementor-element-f55d732 elementor-widget elementor-widget-image\" data-id=\"f55d732\" data-element_type=\"widget\" data-e-type=\"widget\" data-widget_type=\"image.default\">\n\t\t\t\t<div class=\"elementor-widget-container\">\n\t\t\t\t\t\t\t\t\t\t\t\t\t\t\t<img loading=\"lazy\" decoding=\"async\" width=\"150\" height=\"150\" src=\"https:\/\/3f.ddns.net\/home\/wp-content\/uploads\/2025\/05\/Jeanette-150x150.jpg\" class=\"attachment-thumbnail size-thumbnail wp-image-36\" alt=\"\" \/>\t\t\t\t\t\t\t\t\t\t\t\t\t\t\t<\/div>\n\t\t\t\t<\/div>\n\t\t\t\t<div class=\"elementor-element elementor-element-0060f42 elementor-widget elementor-widget-n-accordion\" data-id=\"0060f42\" data-element_type=\"widget\" data-e-type=\"widget\" data-settings=\"{&quot;default_state&quot;:&quot;all_collapsed&quot;,&quot;max_items_expended&quot;:&quot;one&quot;,&quot;n_accordion_animation_duration&quot;:{&quot;unit&quot;:&quot;ms&quot;,&quot;size&quot;:400,&quot;sizes&quot;:[]}}\" data-widget_type=\"nested-accordion.default\">\n\t\t\t\t<div class=\"elementor-widget-container\">\n\t\t\t\t\t\t\t<div class=\"e-n-accordion\" aria-label=\"Accordion. Open links with Enter or Space, close with Escape, and navigate with Arrow Keys\">\n\t\t\t\t\t\t<details id=\"e-n-accordion-item-3970\" class=\"e-n-accordion-item\" >\n\t\t\t\t<summary class=\"e-n-accordion-item-title\" data-accordion-index=\"1\" tabindex=\"0\" aria-expanded=\"false\" aria-controls=\"e-n-accordion-item-3970\" >\n\t\t\t\t\t<span class='e-n-accordion-item-title-header'><div class=\"e-n-accordion-item-title-text\"> Jeanette ist eine vielseitige und kreative Pers\u00f6nlichkeit, die ihre Freizeit gerne aktiv und mit Leidenschaft gestaltet <\/div><\/span>\n\t\t\t\t\t\t\t<span class='e-n-accordion-item-title-icon'>\n\t\t\t<span class='e-opened' ><svg aria-hidden=\"true\" class=\"e-font-icon-svg e-fas-minus\" viewBox=\"0 0 448 512\" xmlns=\"http:\/\/www.w3.org\/2000\/svg\"><path d=\"M416 208H32c-17.67 0-32 14.33-32 32v32c0 17.67 14.33 32 32 32h384c17.67 0 32-14.33 32-32v-32c0-17.67-14.33-32-32-32z\"><\/path><\/svg><\/span>\n\t\t\t<span class='e-closed'><svg aria-hidden=\"true\" class=\"e-font-icon-svg e-fas-play\" viewBox=\"0 0 448 512\" xmlns=\"http:\/\/www.w3.org\/2000\/svg\"><path d=\"M424.4 214.7L72.4 6.6C43.8-10.3 0 6.1 0 47.9V464c0 37.5 40.7 60.1 72.4 41.3l352-208c31.4-18.5 31.5-64.1 0-82.6z\"><\/path><\/svg><\/span>\n\t\t<\/span>\n\n\t\t\t\t\t\t<\/summary>\n\t\t\t\t<div role=\"region\" aria-labelledby=\"e-n-accordion-item-3970\" class=\"elementor-element elementor-element-518d2ee e-con-full e-flex e-con e-child\" data-id=\"518d2ee\" data-element_type=\"container\" data-e-type=\"container\">\n\t\t\t\t<div class=\"elementor-element elementor-element-ad90d7c elementor-widget elementor-widget-text-editor\" data-id=\"ad90d7c\" data-element_type=\"widget\" data-e-type=\"widget\" data-widget_type=\"text-editor.default\">\n\t\t\t\t<div class=\"elementor-widget-container\">\n\t\t\t\t\t\t\t\t\t<p>Ob beim Wandern in der Natur, auf dem Rad unterwegs oder beim Singen im Chor \u2013 sie genie\u00dft es, sich zu bewegen und gemeinsam mit anderen sch\u00f6ne Momente zu erleben. Besonders am Herzen liegt ihr das N\u00e4hen, bei dem sie mit Geschick und Liebe zum Detail einzigartige St\u00fccke kreiert. Mit ihrer positiven Ausstrahlung und ihrem Talent f\u00fcr das Sch\u00f6ne bereichert sie ihr Umfeld auf wunderbare Weise.<\/p>\t\t\t\t\t\t\t\t<\/div>\n\t\t\t\t<\/div>\n\t\t\t\t<\/div>\n\t\t\t\t\t<\/details>\n\t\t\t\t\t<\/div>\n\t\t\t\t\t\t<\/div>\n\t\t\t\t<\/div>\n\t\t\t\t<div class=\"elementor-element elementor-element-bd186aa elementor-widget elementor-widget-image\" data-id=\"bd186aa\" data-element_type=\"widget\" data-e-type=\"widget\" data-widget_type=\"image.default\">\n\t\t\t\t<div class=\"elementor-widget-container\">\n\t\t\t\t\t\t\t\t\t\t\t\t\t\t\t<img loading=\"lazy\" decoding=\"async\" width=\"150\" height=\"150\" src=\"https:\/\/3f.ddns.net\/home\/wp-content\/uploads\/2025\/05\/Ralf-150x150.jpg\" class=\"attachment-thumbnail size-thumbnail wp-image-37\" alt=\"\" \/>\t\t\t\t\t\t\t\t\t\t\t\t\t\t\t<\/div>\n\t\t\t\t<\/div>\n\t\t\t\t<div class=\"elementor-element elementor-element-3d6663a elementor-widget elementor-widget-n-accordion\" data-id=\"3d6663a\" data-element_type=\"widget\" data-e-type=\"widget\" data-settings=\"{&quot;default_state&quot;:&quot;all_collapsed&quot;,&quot;max_items_expended&quot;:&quot;one&quot;,&quot;n_accordion_animation_duration&quot;:{&quot;unit&quot;:&quot;ms&quot;,&quot;size&quot;:400,&quot;sizes&quot;:[]}}\" data-widget_type=\"nested-accordion.default\">\n\t\t\t\t<div class=\"elementor-widget-container\">\n\t\t\t\t\t\t\t<div class=\"e-n-accordion\" aria-label=\"Accordion. Open links with Enter or Space, close with Escape, and navigate with Arrow Keys\">\n\t\t\t\t\t\t<details id=\"e-n-accordion-item-6430\" class=\"e-n-accordion-item\" >\n\t\t\t\t<summary class=\"e-n-accordion-item-title\" data-accordion-index=\"1\" tabindex=\"0\" aria-expanded=\"false\" aria-controls=\"e-n-accordion-item-6430\" >\n\t\t\t\t\t<span class='e-n-accordion-item-title-header'><div class=\"e-n-accordion-item-title-text\"> Ralf ist ein echter Technik- und Outdoor-Enthusiast. Ob zu Fu\u00df in der Natur, auf dem Rad oder mit dem Motorrad unterwegs \u2013 Hauptsache, es geht raus und es gibt etwas zu entdecken. <\/div><\/span>\n\t\t\t\t\t\t\t<span class='e-n-accordion-item-title-icon'>\n\t\t\t<span class='e-opened' ><svg aria-hidden=\"true\" class=\"e-font-icon-svg e-fas-minus\" viewBox=\"0 0 448 512\" xmlns=\"http:\/\/www.w3.org\/2000\/svg\"><path d=\"M416 208H32c-17.67 0-32 14.33-32 32v32c0 17.67 14.33 32 32 32h384c17.67 0 32-14.33 32-32v-32c0-17.67-14.33-32-32-32z\"><\/path><\/svg><\/span>\n\t\t\t<span class='e-closed'><svg aria-hidden=\"true\" class=\"e-font-icon-svg e-fas-play\" viewBox=\"0 0 448 512\" xmlns=\"http:\/\/www.w3.org\/2000\/svg\"><path d=\"M424.4 214.7L72.4 6.6C43.8-10.3 0 6.1 0 47.9V464c0 37.5 40.7 60.1 72.4 41.3l352-208c31.4-18.5 31.5-64.1 0-82.6z\"><\/path><\/svg><\/span>\n\t\t<\/span>\n\n\t\t\t\t\t\t<\/summary>\n\t\t\t\t<div role=\"region\" aria-labelledby=\"e-n-accordion-item-6430\" class=\"elementor-element elementor-element-f0a471e e-con-full e-flex e-con e-child\" data-id=\"f0a471e\" data-element_type=\"container\" data-e-type=\"container\">\n\t\t\t\t<div class=\"elementor-element elementor-element-1d7e825 elementor-widget elementor-widget-text-editor\" data-id=\"1d7e825\" data-element_type=\"widget\" data-e-type=\"widget\" data-widget_type=\"text-editor.default\">\n\t\t\t\t<div class=\"elementor-widget-container\">\n\t\t\t\t\t\t\t\t\t<p>Doch auch in der Luft f\u00fchlt er sich wohl, wenn er seine Drohne steigen l\u00e4sst und die Welt aus einer neuen Perspektive betrachtet. Neben seiner Liebe zur Bewegung begeistert er sich f\u00fcr Technik und setzt mit Geschick einen Raspberry Pi als Webserver ein. Ralf verbindet Abenteuerlust mit Kreativit\u00e4t und technischem Know-how \u2013 eine spannende Kombination!<\/p>\t\t\t\t\t\t\t\t<\/div>\n\t\t\t\t<\/div>\n\t\t\t\t<\/div>\n\t\t\t\t\t<\/details>\n\t\t\t\t\t<\/div>\n\t\t\t\t\t\t<\/div>\n\t\t\t\t<\/div>\n\t\t\t\t<\/div>\n\t\t\t\t<\/div>\n\t\t\t\t\t<\/div>\n\t\t\t\t<\/div>\n\t\t\t\t<\/div>\n\t\t","protected":false},"excerpt":{"rendered":"<p>Willkommen Hier wird nicht mit Steinkeulen gegr\u00fc\u00dft, sondern mit offenen Armen! Wir sind zwei abenteuerlustige Feuersteins aus Fellbach, immer unterwegs [&hellip;]<\/p>\n","protected":false},"author":1,"featured_media":0,"parent":0,"menu_order":0,"comment_status":"closed","ping_status":"closed","template":"","meta":{"_eb_attr":"","site-sidebar-layout":"no-sidebar","site-content-layout":"","ast-site-content-layout":"full-width-container","site-content-style":"default","site-sidebar-style":"default","ast-global-header-display":"","ast-banner-title-visibility":"","ast-main-header-display":"","ast-hfb-above-header-display":"","ast-hfb-below-header-display":"","ast-hfb-mobile-header-display":"","site-post-title":"disabled","ast-breadcrumbs-content":"","ast-featured-img":"disabled","footer-sml-layout":"","ast-disable-related-posts":"","theme-transparent-header-meta":"","adv-header-id-meta":"","stick-header-meta":"","header-above-stick-meta":"","header-main-stick-meta":"","header-below-stick-meta":"","astra-migrate-meta-layouts":"default","ast-page-background-enabled":"default","ast-page-background-meta":{"desktop":{"background-color":"var(--ast-global-color-5)","background-image":"","background-repeat":"repeat","background-position":"center center","background-size":"auto","background-attachment":"scroll","background-type":"","background-media":"","overlay-type":"","overlay-color":"","overlay-opacity":"","overlay-gradient":""},"tablet":{"background-color":"","background-image":"","background-repeat":"repeat","background-position":"center center","background-size":"auto","background-attachment":"scroll","background-type":"","background-media":"","overlay-type":"","overlay-color":"","overlay-opacity":"","overlay-gradient":""},"mobile":{"background-color":"","background-image":"","background-repeat":"repeat","background-position":"center center","background-size":"auto","background-attachment":"scroll","background-type":"","background-media":"","overlay-type":"","overlay-color":"","overlay-opacity":"","overlay-gradient":""}},"ast-content-background-meta":{"desktop":{"background-color":"var(--ast-global-color-4)","background-image":"","background-repeat":"repeat","background-position":"center center","background-size":"auto","background-attachment":"scroll","background-type":"","background-media":"","overlay-type":"","overlay-color":"","overlay-opacity":"","overlay-gradient":""},"tablet":{"background-color":"var(--ast-global-color-4)","background-image":"","background-repeat":"repeat","background-position":"center center","background-size":"auto","background-attachment":"scroll","background-type":"","background-media":"","overlay-type":"","overlay-color":"","overlay-opacity":"","overlay-gradient":""},"mobile":{"background-color":"var(--ast-global-color-4)","background-image":"","background-repeat":"repeat","background-position":"center center","background-size":"auto","background-attachment":"scroll","background-type":"","background-media":"","overlay-type":"","overlay-color":"","overlay-opacity":"","overlay-gradient":""}},"footnotes":""},"class_list":["post-40","page","type-page","status-publish","hentry"],"_links":{"self":[{"href":"https:\/\/3f.ddns.net\/home\/index.php\/wp-json\/wp\/v2\/pages\/40","targetHints":{"allow":["GET"]}}],"collection":[{"href":"https:\/\/3f.ddns.net\/home\/index.php\/wp-json\/wp\/v2\/pages"}],"about":[{"href":"https:\/\/3f.ddns.net\/home\/index.php\/wp-json\/wp\/v2\/types\/page"}],"author":[{"embeddable":true,"href":"https:\/\/3f.ddns.net\/home\/index.php\/wp-json\/wp\/v2\/users\/1"}],"replies":[{"embeddable":true,"href":"https:\/\/3f.ddns.net\/home\/index.php\/wp-json\/wp\/v2\/comments?post=40"}],"version-history":[{"count":27,"href":"https:\/\/3f.ddns.net\/home\/index.php\/wp-json\/wp\/v2\/pages\/40\/revisions"}],"predecessor-version":[{"id":584,"href":"https:\/\/3f.ddns.net\/home\/index.php\/wp-json\/wp\/v2\/pages\/40\/revisions\/584"}],"wp:attachment":[{"href":"https:\/\/3f.ddns.net\/home\/index.php\/wp-json\/wp\/v2\/media?parent=40"}],"curies":[{"name":"wp","href":"https:\/\/api.w.org\/{rel}","templated":true}]}}